{"id":104,"date":"2025-08-23T03:43:40","date_gmt":"2025-08-23T03:43:40","guid":{"rendered":"https:\/\/grassjp.com\/?page_id=104"},"modified":"2026-03-16T09:00:52","modified_gmt":"2026-03-16T02:00:52","slug":"gioi-thieu","status":"publish","type":"page","link":"https:\/\/grassjp.com\/vi\/gioi-thieu\/","title":{"rendered":"Gi\u1edbi thi\u1ec7u"},"content":{"rendered":"\t\t<div data-elementor-type=\"wp-page\" data-elementor-id=\"104\" class=\"elementor elementor-104\" data-elementor-settings=\"{&quot;element_pack_global_tooltip_width&quot;:{&quot;unit&quot;:&quot;px&quot;,&quot;size&quot;:&quot;&quot;,&quot;sizes&quot;:[]},&quot;element_pack_global_tooltip_width_laptop&quot;:{&quot;unit&quot;:&quot;px&quot;,&quot;size&quot;:&quot;&quot;,&quot;sizes&quot;:[]},&quot;element_pack_global_tooltip_width_tablet&quot;:{&quot;unit&quot;:&quot;px&quot;,&quot;size&quot;:&quot;&quot;,&quot;sizes&quot;:[]},&quot;element_pack_global_tooltip_width_mobile&quot;:{&quot;unit&quot;:&quot;px&quot;,&quot;size&quot;:&quot;&quot;,&quot;sizes&quot;:[]},&quot;element_pack_global_tooltip_padding&quot;:{&quot;unit&quot;:&quot;px&quot;,&quot;top&quot;:&quot;&quot;,&quot;right&quot;:&quot;&quot;,&quot;bottom&quot;:&quot;&quot;,&quot;left&quot;:&quot;&quot;,&quot;isLinked&quot;:true},&quot;element_pack_global_tooltip_padding_laptop&quot;:{&quot;unit&quot;:&quot;px&quot;,&quot;top&quot;:&quot;&quot;,&quot;right&quot;:&quot;&quot;,&quot;bottom&quot;:&quot;&quot;,&quot;left&quot;:&quot;&quot;,&quot;isLinked&quot;:true},&quot;element_pack_global_tooltip_padding_tablet&quot;:{&quot;unit&quot;:&quot;px&quot;,&quot;top&quot;:&quot;&quot;,&quot;right&quot;:&quot;&quot;,&quot;bottom&quot;:&quot;&quot;,&quot;left&quot;:&quot;&quot;,&quot;isLinked&quot;:true},&quot;element_pack_global_tooltip_padding_mobile&quot;:{&quot;unit&quot;:&quot;px&quot;,&quot;top&quot;:&quot;&quot;,&quot;right&quot;:&quot;&quot;,&quot;bottom&quot;:&quot;&quot;,&quot;left&quot;:&quot;&quot;,&quot;isLinked&quot;:true},&quot;element_pack_global_tooltip_border_radius&quot;:{&quot;unit&quot;:&quot;px&quot;,&quot;top&quot;:&quot;&quot;,&quot;right&quot;:&quot;&quot;,&quot;bottom&quot;:&quot;&quot;,&quot;left&quot;:&quot;&quot;,&quot;isLinked&quot;:true},&quot;element_pack_global_tooltip_border_radius_laptop&quot;:{&quot;unit&quot;:&quot;px&quot;,&quot;top&quot;:&quot;&quot;,&quot;right&quot;:&quot;&quot;,&quot;bottom&quot;:&quot;&quot;,&quot;left&quot;:&quot;&quot;,&quot;isLinked&quot;:true},&quot;element_pack_global_tooltip_border_radius_tablet&quot;:{&quot;unit&quot;:&quot;px&quot;,&quot;top&quot;:&quot;&quot;,&quot;right&quot;:&quot;&quot;,&quot;bottom&quot;:&quot;&quot;,&quot;left&quot;:&quot;&quot;,&quot;isLinked&quot;:true},&quot;element_pack_global_tooltip_border_radius_mobile&quot;:{&quot;unit&quot;:&quot;px&quot;,&quot;top&quot;:&quot;&quot;,&quot;right&quot;:&quot;&quot;,&quot;bottom&quot;:&quot;&quot;,&quot;left&quot;:&quot;&quot;,&quot;isLinked&quot;:true}}\" data-elementor-post-type=\"page\">\n\t\t\t\t<div class=\"elementor-element elementor-element-573d1f7 e-flex e-con-boxed e-con e-parent\" data-id=\"573d1f7\" data-element_type=\"container\" data-settings=\"{&quot;background_background&quot;:&quot;classic&quot;}\">\n\t\t\t\t\t<div class=\"e-con-inner\">\n\t\t<div class=\"elementor-element elementor-element-e3e18ea e-flex e-con-boxed e-con e-child\" data-id=\"e3e18ea\" data-element_type=\"container\">\n\t\t\t\t\t<div class=\"e-con-inner\">\n\t\t\t\t<div class=\"elementor-element elementor-element-50adb7c elementor-widget elementor-widget-heading\" data-id=\"50adb7c\" data-element_type=\"widget\" data-widget_type=\"heading.default\">\n\t\t\t\t\t<h2 class=\"elementor-heading-title elementor-size-default\">GRASS INTERNATIONAL<\/h2>\t\t\t\t<\/div>\n\t\t\t\t<div class=\"elementor-element elementor-element-9a44865 elementor-widget elementor-widget-heading\" data-id=\"9a44865\" data-element_type=\"widget\" data-widget_type=\"heading.default\">\n\t\t\t\t\t<h2 class=\"elementor-heading-title elementor-size-default\">GI\u1edaI THI\u1ec6U<\/h2>\t\t\t\t<\/div>\n\t\t\t\t\t<\/div>\n\t\t\t\t<\/div>\n\t\t<div class=\"elementor-element elementor-element-b093acf e-flex e-con-boxed e-con e-child\" data-id=\"b093acf\" data-element_type=\"container\">\n\t\t\t\t\t<div class=\"e-con-inner\">\n\t\t\t\t<div class=\"elementor-element elementor-element-62c26c9 elementor-widget elementor-widget-html\" data-id=\"62c26c9\" data-element_type=\"widget\" data-widget_type=\"html.default\">\n\t\t\t\t\t<nav aria-label=\"breadcrumbs\" class=\"rank-math-breadcrumb\"><p><span class=\"last\">Trang ch\u1ee7<\/span><\/p><\/nav>\t\t\t\t<\/div>\n\t\t\t\t\t<\/div>\n\t\t\t\t<\/div>\n\t\t\t\t\t<\/div>\n\t\t\t\t<\/div>\n\t\t<div class=\"elementor-element elementor-element-e184e82 e-flex e-con-boxed e-con e-parent\" data-id=\"e184e82\" data-element_type=\"container\">\n\t\t\t\t\t<div class=\"e-con-inner\">\n\t\t\t\t<div class=\"elementor-element elementor-element-1594697 elementor-mobile-align-center elementor-widget-mobile__width-inherit elementor-icon-list--layout-traditional elementor-list-item-link-full_width elementor-widget elementor-widget-icon-list\" data-id=\"1594697\" data-element_type=\"widget\" data-widget_type=\"icon-list.default\">\n\t\t\t\t\t\t\t<ul class=\"elementor-icon-list-items\">\n\t\t\t\t\t\t\t<li class=\"elementor-icon-list-item\">\n\t\t\t\t\t\t\t\t\t\t<span class=\"elementor-icon-list-text\">V\u1ec0 CH\u00daNG T\u00d4I GRASS INTERNATIONAL \u682a\u5f0f\u4f1a\u793e<\/span>\n\t\t\t\t\t\t\t\t\t<\/li>\n\t\t\t\t\t\t<\/ul>\n\t\t\t\t\t\t<\/div>\n\t\t\t\t\t<\/div>\n\t\t\t\t<\/div>\n\t\t<div class=\"elementor-element elementor-element-4633a40 e-flex e-con-boxed e-con e-parent\" data-id=\"4633a40\" data-element_type=\"container\">\n\t\t\t\t\t<div class=\"e-con-inner\">\n\t\t\t\t<div class=\"elementor-element elementor-element-d68f819 elementor-widget elementor-widget-text-editor\" data-id=\"d68f819\" data-element_type=\"widget\" data-widget_type=\"text-editor.default\">\n\t\t\t\t\t\t\t\t\t<p><b>GRASS<\/b><span style=\"font-weight: 400;\"> th\u00e0nh l\u1eadp t\u1eeb n\u0103m 2019, kh\u1edfi \u0111\u1ea7u l\u00e0 shop \u0111i\u1ec7n tho\u1ea1i Chiba Mobile \u2013 \u0111\u1ea1i l\u00fd ch\u00ednh th\u1ee9c c\u1ee7a 3 nh\u00e0 m\u1ea1ng l\u1edbn t\u1ea1i Nh\u1eadt B\u1ea3n: Docomo, au v\u00e0 UQ. T\u1eeb n\u1ec1n t\u1ea3ng \u0111\u00f3, <\/span><b>GRASS<\/b><span style=\"font-weight: 400;\"> \u0111\u00e3 ph\u00e1t tri\u1ec3n th\u00eam th\u01b0\u01a1ng hi\u1ec7u <\/span><b>GRASS Mobile<\/b><span style=\"font-weight: 400;\">, chuy\u00ean cung c\u1ea5p d\u1ecbch v\u1ee5 cho thu\u00ea sim, wifi gi\u00e1 r\u1ebb c\u00f9ng c\u00e1c gi\u1ea3i ph\u00e1p h\u1ed7 tr\u1ee3 vi\u1ec5n th\u00f4ng d\u00e0nh cho ng\u01b0\u1eddi n\u01b0\u1edbc ngo\u00e0i.<\/span><\/p><p><span style=\"font-weight: 400;\">Sau m\u1ed9t th\u1eddi gian ho\u1ea1t \u0111\u1ed9ng, <\/span><b>GRASS<\/b><span style=\"font-weight: 400;\"> kh\u00f4ng ch\u1ec9 d\u1eebng l\u1ea1i \u1edf l\u0129nh v\u1ef1c vi\u1ec5n th\u00f4ng m\u00e0 c\u00f2n m\u1edf r\u1ed9ng sang c\u00e1c m\u1ea3ng d\u1ecbch v\u1ee5 visa v\u00e0 b\u1ea5t \u0111\u1ed9ng s\u1ea3n, ph\u1ee5c v\u1ee5 kh\u00f4ng ch\u1ec9 c\u1ed9ng \u0111\u1ed3ng ng\u01b0\u1eddi Vi\u1ec7t Nam m\u00e0 c\u00f2n nhi\u1ec1u qu\u1ed1c gia kh\u00e1c nh\u01b0 Myanmar, Indonesia, Nepal&#8230; V\u00e0 cho \u0111\u1ebfn nay, <\/span><b>GRASS<\/b><span style=\"font-weight: 400;\"> \u0111\u00e3 m\u1edf r\u1ed9ng th\u1ecb tr\u01b0\u1eddng v\u1ec1 Vi\u1ec7t Nam v\u1edbi vi\u1ec7c th\u00e0nh l\u1eadp th\u00eam chi nh\u00e1nh t\u1ea1i \u0111\u00e2y.<\/span><\/p><p><span style=\"font-weight: 400;\">Ch\u00fang t\u00f4i c\u00f3 m\u1ed9t \u0111\u1ed9i ng\u0169 nh\u00e2n vi\u00ean \u0111\u01b0\u1ee3c \u0111\u00e0o t\u1ea1o chuy\u00ean nghi\u1ec7p, c\u00f3 tr\u00ecnh \u0111\u1ed9 chuy\u00ean m\u00f4n cao, lu\u00f4n t\u1eadn t\u00e2m v\u1edbi kh\u00e1ch h\u00e0ng v\u00e0 h\u01b0\u1edbng \u0111\u1ebfn ph\u01b0\u01a1ng ch\u00e2m: <\/span><b>\u201cMang ni\u1ec1m tin \u0111\u1ed3ng h\u00e0nh c\u00f9ng kh\u00e1ch h\u00e0ng\u201d<\/b><span style=\"font-weight: 400;\">. <\/span><span style=\"font-weight: 400;\"><br \/><\/span><b>GRASS<\/b><span style=\"font-weight: 400;\"> cam k\u1ebft tr\u1edf th\u00e0nh ng\u01b0\u1eddi b\u1ea1n \u0111\u1ed3ng h\u00e0nh \u0111\u00e1ng tin c\u1eady, mang l\u1ea1i nh\u1eefng gi\u1ea3i ph\u00e1p ti\u1ec7n \u00edch v\u00e0 b\u1ec1n v\u1eefng cho c\u1ed9ng \u0111\u1ed3ng ng\u01b0\u1eddi n\u01b0\u1edbc ngo\u00e0i t\u1ea1i Nh\u1eadt B\u1ea3n c\u0169ng nh\u01b0 Vi\u1ec7t Nam.<\/span><\/p>\t\t\t\t\t\t\t\t<\/div>\n\t\t<div class=\"elementor-element elementor-element-43b2585 e-con-full e-flex e-con e-child\" data-id=\"43b2585\" data-element_type=\"container\">\n\t\t\t\t<div class=\"elementor-element elementor-element-c726f30 tp-about-main-thumb elementor-widget elementor-widget-image\" data-id=\"c726f30\" data-element_type=\"widget\" data-widget_type=\"image.default\">\n\t\t\t\t\t\t\t\t\t\t\t\t\t\t\t<img fetchpriority=\"high\" decoding=\"async\" width=\"1706\" height=\"960\" src=\"https:\/\/grassjp.com\/wp-content\/uploads\/2026\/02\/LINE_NOTE_260219_1.jpg\" class=\"attachment-full size-full wp-image-1231\" alt=\"\" srcset=\"https:\/\/grassjp.com\/wp-content\/uploads\/2026\/02\/LINE_NOTE_260219_1.jpg 1706w, https:\/\/grassjp.com\/wp-content\/uploads\/2026\/02\/LINE_NOTE_260219_1-300x169.jpg 300w, https:\/\/grassjp.com\/wp-content\/uploads\/2026\/02\/LINE_NOTE_260219_1-1024x576.jpg 1024w, https:\/\/grassjp.com\/wp-content\/uploads\/2026\/02\/LINE_NOTE_260219_1-768x432.jpg 768w, https:\/\/grassjp.com\/wp-content\/uploads\/2026\/02\/LINE_NOTE_260219_1-1536x864.jpg 1536w\" sizes=\"(max-width: 1706px) 100vw, 1706px\" title=\"\">\t\t\t\t\t\t\t\t\t\t\t\t\t\t\t<\/div>\n\t\t\t\t<div class=\"elementor-element elementor-element-4433139 tp-about-main-thumb elementor-widget elementor-widget-image\" data-id=\"4433139\" data-element_type=\"widget\" data-widget_type=\"image.default\">\n\t\t\t\t\t\t\t\t\t\t\t\t\t\t\t<img decoding=\"async\" width=\"1920\" height=\"2560\" src=\"https:\/\/grassjp.com\/wp-content\/uploads\/2025\/10\/z7105628929910_e486b8adfcc50c587462c3a29b03939b.jpg\" class=\"attachment-full size-full wp-image-887\" alt=\"\" srcset=\"https:\/\/grassjp.com\/wp-content\/uploads\/2025\/10\/z7105628929910_e486b8adfcc50c587462c3a29b03939b.jpg 1920w, https:\/\/grassjp.com\/wp-content\/uploads\/2025\/10\/z7105628929910_e486b8adfcc50c587462c3a29b03939b-225x300.jpg 225w, https:\/\/grassjp.com\/wp-content\/uploads\/2025\/10\/z7105628929910_e486b8adfcc50c587462c3a29b03939b-768x1024.jpg 768w, https:\/\/grassjp.com\/wp-content\/uploads\/2025\/10\/z7105628929910_e486b8adfcc50c587462c3a29b03939b-1152x1536.jpg 1152w, https:\/\/grassjp.com\/wp-content\/uploads\/2025\/10\/z7105628929910_e486b8adfcc50c587462c3a29b03939b-1536x2048.jpg 1536w\" sizes=\"(max-width: 1920px) 100vw, 1920px\" title=\"\">\t\t\t\t\t\t\t\t\t\t\t\t\t\t\t<\/div>\n\t\t\t\t<\/div>\n\t\t\t\t\t<\/div>\n\t\t\t\t<\/div>\n\t\t<div class=\"elementor-element elementor-element-65c3fe0 e-flex e-con-boxed e-con e-parent\" data-id=\"65c3fe0\" data-element_type=\"container\">\n\t\t\t\t\t<div class=\"e-con-inner\">\n\t\t\t\t<div class=\"elementor-element elementor-element-8e2f53e elementor-widget elementor-widget-text-editor\" data-id=\"8e2f53e\" data-element_type=\"widget\" data-widget_type=\"text-editor.default\">\n\t\t\t\t\t\t\t\t\t<p>\u00a0<\/p><table class=\"tbl_company\"><tbody><tr><th>T\u00ean c\u00f4ng ty<\/th><td><strong>GRASS INTERNATIONAL \u682a\u5f0f\u4f1a\u793e<\/strong><\/td><\/tr><tr><th>Gi\u00e1m \u0111\u1ed1c \u0111\u1ea1i di\u1ec7n<\/th><td><p><span style=\"font-weight: 400;\">\u5c71\u7530\u3000\u5f70<\/span><\/p><\/td><\/tr><tr><th>V\u1ed1n c\u1ed5 ph\u1ea7n<\/th><td>500\u4e07\u5186<\/td><\/tr><tr><th>L\u0129nh v\u1ef1c ho\u1ea1t \u0111\u1ed9ng<\/th><td><ul><li data-start=\"257\" data-end=\"273\"><p data-start=\"259\" data-end=\"273\">MOBILE: \u901a\u4fe1\u4e8b\u696d<\/p><\/li><li data-start=\"274\" data-end=\"294\"><p data-start=\"276\" data-end=\"294\">VISA: \u30d3\u30b6\u30b3\u30f3\u30b5\u30eb\u30c6\u30a3\u30f3\u30b0<\/p><\/li><li data-start=\"295\" data-end=\"310\"><p data-start=\"297\" data-end=\"310\">HOME: \u4e0d\u52d5\u7523\u4e8b\u696d<\/p><\/li><\/ul><\/td><\/tr><tr><th>C\u00e1c lo\u1ea1i gi\u1ea5y ph\u00e9p<\/th><td><ul><li data-start=\"337\" data-end=\"362\"><p data-start=\"339\" data-end=\"362\">\u96fb\u6c17\u901a\u4fe1\u4e8b\u696d\u8005\u5c4a\u51fa\u756a\u53f7: C2018517<\/p><\/li><li data-start=\"363\" data-end=\"392\"><p data-start=\"365\" data-end=\"392\">\u6709\u6599\u8077\u696d\u7d39\u4ecb\u4e8b\u696d\u8a31\u53ef\u756a\u53f7: 13\u2013\u30e6\u2013309984<\/p><\/li><li data-start=\"393\" data-end=\"420\"><p data-start=\"395\" data-end=\"420\">\u767b\u9332\u652f\u63f4\u6a5f\u95a2\u767b\u9332\u756a\u53f7: 19\u767b\u2013002517\u53f7<\/p><\/li><\/ul><\/td><\/tr><tr><th>\u0110\u1ecba ch\u1ec9<\/th><td><ul><li>Tr\u1ee5 s\u1edf ch\u00ednh\uff1a\u5343\u8449\u770c\u5e02\u5ddd\u5e02\u5e02\u5ddd\u3000\uff11\uff0d\uff11\uff15\uff0d\uff13\uff16<\/li><\/ul><ul><li>V\u0103n Ph\u00f2ng t\u1ea1i Vi\u1ec7t Nam<\/li><\/ul><p><span style=\"font-weight: 400;\">580 Tr\u1ea7n H\u01b0ng \u0110\u1ea1o, Kh\u1ed1i ph\u1ed1 Ng\u1ecdc Vinh, Ph\u01b0\u1eddng \u0110i\u1ec7n B\u00e0n \u0110\u00f4ng, Th\u00e0nh\u00a0 ph\u1ed1 \u0110\u00e0 N\u1eb5ng, Vi\u1ec7t Nam.<\/span><\/p><\/td><\/tr><tr><th>TEL\/FAX<\/th><td><ul><li>Nh\u1eadt B\u1ea3n: (+81) 047-301-1482<\/li><li>Vi\u1ec7t Nam: (+84) <a class=\"text-is-phone-number\" data-z-element-type=\"phone-number\">0383-044- 936<\/a><\/li><\/ul><\/td><\/tr><tr><th>Website<\/th><td>https:\/\/grassjp.com\/<\/td><\/tr><tr><th>Ng\u00f4n ng\u1eef<\/th><td>Ti\u1ebfng Nh\u1eadt, ti\u1ebfng Vi\u1ec7t, ti\u1ebfng Myanmar, ti\u1ebfng Indonesia, ti\u1ebfng Anh<\/td><\/tr><tr><th>Li\u00ean h\u1ec7 Fanpage<\/th><td>GRASS International \u682a\u5f0f\u4f1a\u793e <img decoding=\"async\" class=\"alignnone size-full wp-image-700\" src=\"https:\/\/grassjp.com\/wp-content\/uploads\/2025\/10\/Screenshot_22.png\" alt=\"\" width=\"69\" height=\"36\" title=\"\"><\/td><\/tr><\/tbody><\/table>\t\t\t\t\t\t\t\t<\/div>\n\t\t\t\t\t<\/div>\n\t\t\t\t<\/div>\n\t\t<div class=\"elementor-element elementor-element-fdbe246 e-flex e-con-boxed e-con e-parent\" data-id=\"fdbe246\" data-element_type=\"container\" data-settings=\"{&quot;background_background&quot;:&quot;classic&quot;}\">\n\t\t\t\t\t<div class=\"e-con-inner\">\n\t\t<div class=\"elementor-element elementor-element-bd670d2 e-con-full e-flex e-con e-child\" data-id=\"bd670d2\" data-element_type=\"container\">\n\t\t\t\t<div class=\"elementor-element elementor-element-8462205 elementor-widget elementor-widget-text-editor\" data-id=\"8462205\" data-element_type=\"widget\" data-widget_type=\"text-editor.default\">\n\t\t\t\t\t\t\t\t\t<p><b>T\u1ea7m nh\u00ecn c\u1ee7a GRASS INTERNATIONAL<\/b><\/p><p><span style=\"font-weight: 400;\">l\u00e0 tr\u1edf th\u00e0nh c\u1ea7u n\u1ed1i \u0111a ng\u00f4n ng\u1eef, cung c\u1ea5p d\u1ecbch v\u1ee5 to\u00e0n di\u1ec7n gi\u00fap ng\u01b0\u1eddi n\u01b0\u1edbc ngo\u00e0i t\u1ea1i Nh\u1eadt d\u1ec5 d\u00e0ng h\u00f2a nh\u1eadp v\u00e0 an t\u00e2m sinh s\u1ed1ng. Ch\u00fang t\u00f4i x\u00e2y d\u1ef1ng c\u1ed9ng \u0111\u1ed3ng qu\u1ed1c t\u1ebf b\u1ec1n v\u1eefng, \u1ee9ng d\u1ee5ng c\u00f4ng ngh\u1ec7 \u0111\u1ec3 mang l\u1ea1i tr\u1ea3i nghi\u1ec7m nhanh ch\u00f3ng, ch\u00ednh x\u00e1c v\u00e0 h\u01b0\u1edbng t\u1edbi v\u1ecb th\u1ebf th\u01b0\u01a1ng hi\u1ec7u uy t\u00edn h\u00e0ng \u0111\u1ea7u trong l\u0129nh v\u1ef1c h\u1ed7 tr\u1ee3 cu\u1ed9c s\u1ed1ng ng\u01b0\u1eddi n\u01b0\u1edbc ngo\u00e0i t\u1ea1i Nh\u1eadt.<\/span><\/p>\t\t\t\t\t\t\t\t<\/div>\n\t\t\t\t<\/div>\n\t\t<div class=\"elementor-element elementor-element-e49f201 e-con-full e-flex e-con e-child\" data-id=\"e49f201\" data-element_type=\"container\">\n\t\t\t\t<div class=\"elementor-element elementor-element-3a52815 elementor-widget elementor-widget-text-editor\" data-id=\"3a52815\" data-element_type=\"widget\" data-widget_type=\"text-editor.default\">\n\t\t\t\t\t\t\t\t\t<p><b>S\u1ee9 m\u1ec7nh GRASS INTERNATIONAL<\/b><\/p><p><span style=\"font-weight: 400;\">GRASS INTERNATIONAL cam k\u1ebft mang \u0111\u1ebfn c\u00e1c d\u1ecbch v\u1ee5 ch\u1ea5t l\u01b0\u1ee3ng cao v\u00e0 to\u00e0n di\u1ec7n trong l\u0129nh v\u1ef1c <\/span><b>visa, vi\u1ec5n th\u00f4ng v\u00e0 b\u1ea5t \u0111\u1ed9ng s\u1ea3n<\/b><span style=\"font-weight: 400;\">, nh\u1eb1m h\u1ed7 tr\u1ee3 t\u1ed1i \u0111a cho kh\u00e1ch h\u00e0ng \u0111ang sinh s\u1ed1ng, h\u1ecdc t\u1eadp v\u00e0 l\u00e0m vi\u1ec7c t\u1ea1i Nh\u1eadt B\u1ea3n.<\/span><span style=\"font-weight: 400;\"><br \/><\/span><span style=\"font-weight: 400;\">Ch\u00fang t\u00f4i lu\u00f4n \u0111\u1ed3ng h\u00e0nh c\u00f9ng c\u1ed9ng \u0111\u1ed3ng ng\u01b0\u1eddi Vi\u1ec7t t\u1ea1i Nh\u1eadt, t\u1ef1 h\u00e0o g\u00f3p ph\u1ea7n v\u00e0o s\u1ef1 ph\u00e1t tri\u1ec3n b\u1ec1n v\u1eefng, n\u00e2ng cao \u0111\u1eddi s\u1ed1ng v\u00e0 t\u1ea1o d\u1ef1ng h\u00ecnh \u1ea3nh c\u1ed9ng \u0111\u1ed3ng v\u0103n minh, h\u1ed9i nh\u1eadp.<\/span><\/p>\t\t\t\t\t\t\t\t<\/div>\n\t\t\t\t<\/div>\n\t\t\t\t\t<\/div>\n\t\t\t\t<\/div>\n\t\t\t\t<\/div>\n\t\t","protected":false},"excerpt":{"rendered":"<p>GRASS INTERNATIONAL GI\u1edaI THI\u1ec6U V\u1ec0 CH\u00daNG T\u00d4I GRASS INTERNATIONAL \u682a\u5f0f\u4f1a\u793e GRASS th\u00e0nh l\u1eadp t\u1eeb n\u0103m 2019, kh\u1edfi \u0111\u1ea7u l\u00e0 shop [&hellip;]<\/p>\n","protected":false},"author":1,"featured_media":0,"parent":0,"menu_order":0,"comment_status":"closed","ping_status":"closed","template":"","meta":{"site-sidebar-layout":"no-sidebar","site-content-layout":"","ast-site-content-layout":"full-width-container","site-content-style":"default","site-sidebar-style":"default","ast-global-header-display":"","ast-banner-title-visibility":"","ast-main-header-display":"","ast-hfb-above-header-display":"","ast-hfb-below-header-display":"","ast-hfb-mobile-header-display":"","site-post-title":"","ast-breadcrumbs-content":"","ast-featured-img":"disabled","footer-sml-layout":"","ast-disable-related-posts":"","theme-transparent-header-meta":"","adv-header-id-meta":"","stick-header-meta":"","header-above-stick-meta":"","header-main-stick-meta":"","header-below-stick-meta":"","astra-migrate-meta-layouts":"default","ast-page-background-enabled":"default","ast-page-background-meta":{"desktop":{"background-color":"var(--ast-global-color-5)","background-image":"","background-repeat":"repeat","background-position":"center center","background-size":"auto","background-attachment":"scroll","background-type":"","background-media":"","overlay-type":"","overlay-color":"","overlay-opacity":"","overlay-gradient":""},"tablet":{"background-color":"","background-image":"","background-repeat":"repeat","background-position":"center center","background-size":"auto","background-attachment":"scroll","background-type":"","background-media":"","overlay-type":"","overlay-color":"","overlay-opacity":"","overlay-gradient":""},"mobile":{"background-color":"","background-image":"","background-repeat":"repeat","background-position":"center center","background-size":"auto","background-attachment":"scroll","background-type":"","background-media":"","overlay-type":"","overlay-color":"","overlay-opacity":"","overlay-gradient":""}},"ast-content-background-meta":{"desktop":{"background-color":"var(--ast-global-color-4)","background-image":"","background-repeat":"repeat","background-position":"center center","background-size":"auto","background-attachment":"scroll","background-type":"","background-media":"","overlay-type":"","overlay-color":"","overlay-opacity":"","overlay-gradient":""},"tablet":{"background-color":"var(--ast-global-color-4)","background-image":"","background-repeat":"repeat","background-position":"center center","background-size":"auto","background-attachment":"scroll","background-type":"","background-media":"","overlay-type":"","overlay-color":"","overlay-opacity":"","overlay-gradient":""},"mobile":{"background-color":"var(--ast-global-color-4)","background-image":"","background-repeat":"repeat","background-position":"center center","background-size":"auto","background-attachment":"scroll","background-type":"","background-media":"","overlay-type":"","overlay-color":"","overlay-opacity":"","overlay-gradient":""}},"footnotes":""},"class_list":["post-104","page","type-page","status-publish","hentry"],"_links":{"self":[{"href":"https:\/\/grassjp.com\/vi\/wp-json\/wp\/v2\/pages\/104","targetHints":{"allow":["GET"]}}],"collection":[{"href":"https:\/\/grassjp.com\/vi\/wp-json\/wp\/v2\/pages"}],"about":[{"href":"https:\/\/grassjp.com\/vi\/wp-json\/wp\/v2\/types\/page"}],"author":[{"embeddable":true,"href":"https:\/\/grassjp.com\/vi\/wp-json\/wp\/v2\/users\/1"}],"replies":[{"embeddable":true,"href":"https:\/\/grassjp.com\/vi\/wp-json\/wp\/v2\/comments?post=104"}],"version-history":[{"count":34,"href":"https:\/\/grassjp.com\/vi\/wp-json\/wp\/v2\/pages\/104\/revisions"}],"predecessor-version":[{"id":1279,"href":"https:\/\/grassjp.com\/vi\/wp-json\/wp\/v2\/pages\/104\/revisions\/1279"}],"wp:attachment":[{"href":"https:\/\/grassjp.com\/vi\/wp-json\/wp\/v2\/media?parent=104"}],"curies":[{"name":"wp","href":"https:\/\/api.w.org\/{rel}","templated":true}]}}